{"id":4411,"date":"2018-11-12T12:00:52","date_gmt":"2018-11-12T11:00:52","guid":{"rendered":"https:\/\/momentdelphi.se\/personuppgiftspolicy\/"},"modified":"2022-10-03T13:04:04","modified_gmt":"2022-10-03T11:04:04","slug":"personuppgiftspolicy","status":"publish","type":"page","link":"https:\/\/momentdelphi.se\/en\/personuppgiftspolicy\/","title":{"rendered":"Personuppgiftspolicy"},"content":{"rendered":"<p>Moment Psykologi v\u00e4rnar din integritet och vi \u00e4r d\u00e4rf\u00f6r m\u00e5na om att tydligt informera om hur verksamhetens behandling av personuppgifter sker. Sedan GDPR (General Data Protection Regulation), eller dataskyddsf\u00f6rordningen, som \u00e4r en lag som g\u00e4ller i hela EU tr\u00e4dde i kraft 25 maj 2018 st\u00e4lls h\u00f6gre krav p\u00e5 s\u00e4kerheten hos alla verksamheter som behandlar personuppgifter. Moment Psykologi \u00e4r v\u00e4l rustat f\u00f6r att m\u00f6ta den nya datalagen, eftersom integritetsskydd alltid varit en naturlig del av v\u00e5r verksamhet. Vi har ytterligare f\u00f6rst\u00e4rkt v\u00e5ra rutiner och policys f\u00f6r din trygghets skull.<\/p>\n<p>GDPR syftar till att vi alla ska f\u00e5 st\u00f6rre kontroll \u00f6ver hur uppgifter om oss hanteras och \u00f6ka s\u00e4kerheten f\u00f6r hur v\u00e5ra personuppgifter behandlas. Personuppgifter \u00e4r alla uppgifter som direkt eller indirekt kan kopplas till en enskild person. Dataskyddsf\u00f6rordningen kompletteras med andra regler, som g\u00e4ller till exempel de krav som st\u00e4lls p\u00e5 patientjournaler (Patientdatalagen) och de lagar som handlar om sekretess och tystnadsplikt. Den h\u00e4r informationen syftar till att f\u00f6rklara hur Moment Psykologi hanterar dina personuppgifter. Om du har n\u00e5gra fr\u00e5gor kring v\u00e5r personuppgiftsbehandling kan du v\u00e4nda dig till VD Annette Enstr\u00f6m.<\/p>\n<p>Personuppgiftsansvarig<br \/>\nMoment Psykologi \u00e4r ansvarig f\u00f6r de personuppgifter som behandlas i samband med kontakterna mellan dig och oss. Kontaktuppgifter till Moment Psykologi \u00e4r:<\/p>\n<p>Drottninggatan 99, 5 tr., 113 60 Stockholm<\/p>\n<p>08-533 315 43<\/p>\n<p>kontakt@momentpsykologi.se<\/p>\n<p>Dataskyddsombud<br \/>\nDen \u00f6vergripande och viktigaste uppgiften f\u00f6r dataskyddsombudet \u00e4r att \u00f6vervaka att den personuppgiftsansvariga f\u00f6ljer dataskyddsf\u00f6rordningen. Dataskyddsombudet ska bl.a. vara kontaktperson f\u00f6r de registrerade och personalen inom organisationen samt samarbeta med Datainspektionen, till exempel vid inspektioner.<\/p>\n<p>Moment Psykologis dataskyddsombud har f\u00f6ljande kontaktuppgifter:<br \/>\nNamn: Alexandra Arnberg<br \/>\nAdress: Drottninggatan 99, 5 tr., 113 60 Stockholm<br \/>\nTel: 08-533 315 43<br \/>\nE-post: alexandra.arnberg@momentpsykologi.se<\/p>\n<p>Moment Psykologis kliniska verksamhet<br \/>\n\u00c4ndam\u00e5l och r\u00e4ttslig grund f\u00f6r behandling<br \/>\nMoment Psykologi anv\u00e4nder de uppgifter du l\u00e4mnar till oss f\u00f6r att verksamheten ska kunna ge dig en god och s\u00e4ker v\u00e5rd. De anv\u00e4nds ocks\u00e5 i det systematiska och fortl\u00f6pande patients\u00e4kerhetsarbetet. Uppgifterna f\u00f6rs under v\u00e5rdtiden l\u00f6pande in i journalsystemet. Uppgifterna \u00e4r ocks\u00e5 till f\u00f6r att vara en informationsk\u00e4lla f\u00f6r dig som patient..<\/p>\n<p>Den r\u00e4ttsliga grund som Moment Psykologi har f\u00f6r att behandla dina personuppgifter \u00e4r att h\u00e4lso- och sjukv\u00e5rd \u00e4r en uppgift av s.k. allm\u00e4nt intresse, det vill s\u00e4ga en verksamhet som \u00e4r grundl\u00e4ggande f\u00f6r att v\u00e5rt samh\u00e4lle ska fungera. Legitimerade psykologer och l\u00e4kare \u00e4r ocks\u00e5 skyldiga enligt lag att dokumentera v\u00e5rden genom att f\u00f6ra journal (bland annat enligt Patientdatalagen). V\u00e5r verksamhet st\u00e5r, precis som alla v\u00e5rdgivare, under tillsyn av Inspektionen f\u00f6r v\u00e5rd och omsorg och i h\u00e4ndelse av deras tillsyn fyller patientuppgifterna en viktig funktion.<\/p>\n<p>Lagringstid<br \/>\nMoment Psykologi kommer att radera dina personuppgifter i enlighet med reglerna i Patientdatalagen, dvs tidigast tio \u00e5r efter den senast gjorda journalanteckningen.<\/p>\n<p>Dina r\u00e4ttigheter<br \/>\nDu har r\u00e4tt att f\u00e5 information om den personuppgiftsbehandling som sker. Du har \u00e4ven, med de begr\u00e4nsningar som f\u00f6ljer av Patientdatalagen, r\u00e4tt att f\u00e5 dina personuppgifter r\u00e4ttade, att f\u00e5 uppgifterna raderade, att kr\u00e4va att behandlingen av uppgifter i vissa fall begr\u00e4nsas, samt att i vissa fall inv\u00e4nda mot behandling.<\/p>\n<p>Mottagare av uppgifter<br \/>\nF\u00f6r alla patientuppgifter, b\u00e5de s\u00e5dana du l\u00e4mnar och s\u00e5dana vi anv\u00e4nder exempelvis i journalen, g\u00e4ller reglerna om tystnadsplikt och sekretess. Reglerna om tystnadsplikt och sekretess f\u00f6ljs alltid av verksamheten. Uppgifter l\u00e4mnas till utomst\u00e5ende endast om du har samtyckt till detta. I s\u00e4rskilda fall kan vi dock ha skyldighet enligt lag att l\u00e4mna ut uppgifter, exempelvis n\u00e4r barn far illa, eller ett allvarligt brott planeras och kan f\u00f6rhindras.<\/p>\n<p>R\u00e4tten att l\u00e4mna klagom\u00e5l<br \/>\nDu har r\u00e4tt att l\u00e4mna klagom\u00e5l till Datainspektionen r\u00f6rande verksamhetens behandling av dina personuppgifter.<\/p>\n<p>Uppgifter som kr\u00e4vs enligt lag<br \/>\nEnligt Patientdatalagen och Socialstyrelsens f\u00f6reskrifter st\u00e4lls krav p\u00e5 ett visst inneh\u00e5ll i patientjournalen. De krav som st\u00e4lls \u00e4r att vi ska f\u00f6ra in uppgifter om din identitet, v\u00e4sentliga uppgifter om bakgrunden till v\u00e5rden, de bed\u00f6mningar som verksamheten g\u00f6r, de planeringar som g\u00f6rs, och de \u00e5tg\u00e4rder som genomf\u00f6rs. Vidare st\u00e4lls krav p\u00e5 att vi anger vilken information som vi har l\u00e4mnat till dig som patient, om val av behandlingsalternativ, utf\u00e4rdade intyg och remisser samt ing\u00e5ende och utg\u00e5ende handlingar.<\/p>\n<p>Moment Psykologis konsultativa, utbildnings- och handledningsverksamhet<br \/>\n\u00c4ndam\u00e5l och r\u00e4ttslig grund f\u00f6r behandling<br \/>\nMoment Psykologi anv\u00e4nder de uppgifter du l\u00e4mnar till oss f\u00f6r att verksamheten ska kunna ge dig en god service. De anv\u00e4nds ocks\u00e5 i det systematiska och fortl\u00f6pande kvalitetsarbetet. Uppgifterna f\u00f6rs under v\u00e5r kontakt in i kundregister. Uppgifterna \u00e4r ocks\u00e5 till f\u00f6r att vara en informationsk\u00e4lla f\u00f6r dig som kund\/klient.<\/p>\n<p>Den r\u00e4ttsliga grund som Moment Psykologi har f\u00f6r att behandla dina personuppgifter \u00e4r att f\u00f6lja dataskyddsf\u00f6rordningen.<\/p>\n<p>Lagringstid<br \/>\nMoment Psykologi kommer att radera dina personuppgifter i enlighet med reglerna i Dataskyddsf\u00f6rordningen och uppgifterna kommer inte att anv\u00e4ndas i annat syfte \u00e4n vad du tagit initiativ till, ex. anm\u00e4lan till en utbildning eller bokning av konsultation.<\/p>\n<p>Dina r\u00e4ttigheter<br \/>\nDu har r\u00e4tt att f\u00e5 information om den personuppgiftsbehandling som sker. Du har \u00e4ven r\u00e4tt att f\u00e5 dina personuppgifter r\u00e4ttade, att f\u00e5 uppgifterna raderade, att kr\u00e4va att behandlingen av uppgifter i vissa fall begr\u00e4nsas, samt i vissa fall inv\u00e4nda mot behandlingen av dina uppgifter.<\/p>\n<p>Mottagare av uppgifter<br \/>\nF\u00f6r alla personuppgifter, b\u00e5de s\u00e5dana du l\u00e4mnar och s\u00e5dana vi anv\u00e4nder exempelvis i kundregister, g\u00e4ller reglerna om tystnadsplikt och sekretess. Reglerna om tystnadsplikt och sekretess f\u00f6ljs alltid av verksamheten. Uppgifter l\u00e4mnas till utomst\u00e5ende endast om du har samtyckt till detta.<\/p>\n<p>R\u00e4tten att l\u00e4mna klagom\u00e5l<br \/>\nDu har r\u00e4tt att l\u00e4mna klagom\u00e5l till Datainspektionen r\u00f6rande verksamhetens behandling av dina personuppgifter.<\/p>\n","protected":false},"excerpt":{"rendered":"<p>Moment Psykologi v\u00e4rnar din integritet och vi \u00e4r d\u00e4rf\u00f6r m\u00e5na om att tydligt informera om hur verksamhetens behandling av personuppgifter sker. Sedan GDPR (General Data Protection Regulation), eller dataskyddsf\u00f6rordningen, som \u00e4r en lag som g\u00e4ller i hela EU tr\u00e4dde i&#8230;<\/p>\n","protected":false},"author":66,"featured_media":0,"parent":0,"menu_order":2,"comment_status":"closed","ping_status":"closed","template":"","meta":{"_acf_changed":false,"footnotes":""},"class_list":["post-4411","page","type-page","status-publish","hentry"],"acf":[],"_links":{"self":[{"href":"https:\/\/momentdelphi.se\/en\/wp-json\/wp\/v2\/pages\/4411","targetHints":{"allow":["GET"]}}],"collection":[{"href":"https:\/\/momentdelphi.se\/en\/wp-json\/wp\/v2\/pages"}],"about":[{"href":"https:\/\/momentdelphi.se\/en\/wp-json\/wp\/v2\/types\/page"}],"author":[{"embeddable":true,"href":"https:\/\/momentdelphi.se\/en\/wp-json\/wp\/v2\/users\/66"}],"replies":[{"embeddable":true,"href":"https:\/\/momentdelphi.se\/en\/wp-json\/wp\/v2\/comments?post=4411"}],"version-history":[{"count":1,"href":"https:\/\/momentdelphi.se\/en\/wp-json\/wp\/v2\/pages\/4411\/revisions"}],"predecessor-version":[{"id":4412,"href":"https:\/\/momentdelphi.se\/en\/wp-json\/wp\/v2\/pages\/4411\/revisions\/4412"}],"wp:attachment":[{"href":"https:\/\/momentdelphi.se\/en\/wp-json\/wp\/v2\/media?parent=4411"}],"curies":[{"name":"wp","href":"https:\/\/api.w.org\/{rel}","templated":true}]}}